{"id":221,"date":"2025-08-21T07:50:56","date_gmt":"2025-08-21T07:50:56","guid":{"rendered":"https:\/\/www.dev1.mevogroup.com\/?page_id=221"},"modified":"2025-08-21T22:38:15","modified_gmt":"2025-08-21T22:38:15","slug":"liens-sites-educatifs-utiles","status":"publish","type":"page","link":"https:\/\/www.collegejeantabi.org\/fr_fr\/liens-sites-educatifs-utiles\/","title":{"rendered":"Liens sites \u00e9ducatifs utiles"},"content":{"rendered":"\t\t<div data-elementor-type=\"wp-page\" data-elementor-id=\"221\" class=\"elementor elementor-221\" data-elementor-post-type=\"page\">\n\t\t\t\t<div class=\"elementor-element elementor-element-2644e7b e-flex e-con-boxed e-con e-parent\" data-id=\"2644e7b\" data-element_type=\"container\" data-settings=\"{&quot;background_background&quot;:&quot;classic&quot;}\">\n\t\t\t\t\t<div class=\"e-con-inner\">\n\t\t<div class=\"elementor-element elementor-element-c38efef e-flex e-con-boxed e-con e-child\" data-id=\"c38efef\" data-element_type=\"container\">\n\t\t\t\t\t<div class=\"e-con-inner\">\n\t\t\t\t<div class=\"elementor-element elementor-element-59130a7 elementor-invisible elementor-widget elementor-widget-heading\" data-id=\"59130a7\" data-element_type=\"widget\" data-settings=\"{&quot;_animation&quot;:&quot;fadeInUp&quot;}\" data-widget_type=\"heading.default\">\n\t\t\t\t<div class=\"elementor-widget-container\">\n\t\t\t\t\t<h1 class=\"elementor-heading-title elementor-size-default\">Liens et sites \u00e9ducatifs utiles<\/h1>\t\t\t\t<\/div>\n\t\t\t\t<\/div>\n\t\t\t\t<div class=\"elementor-element elementor-element-8749037 elementor-invisible elementor-widget elementor-widget-heading\" data-id=\"8749037\" data-element_type=\"widget\" data-settings=\"{&quot;_animation&quot;:&quot;fadeInUp&quot;,&quot;_animation_delay&quot;:200}\" data-widget_type=\"heading.default\">\n\t\t\t\t<div class=\"elementor-widget-container\">\n\t\t\t\t\t<h4 class=\"elementor-heading-title elementor-size-default\">Acc\u00e9dez \u00e0 une s\u00e9lection de sites \u00e9ducatifs recommand\u00e9s par le Coll\u00e8ge Jean\u2011Tabi \u00e0 Yaound\u00e9 : ressources p\u00e9dagogiques, outils d\u2019apprentissage, et plus encore.\n<\/h4>\t\t\t\t<\/div>\n\t\t\t\t<\/div>\n\t\t\t\t<div class=\"elementor-element elementor-element-03ac648 elementor-align-center elementor-widget elementor-widget-breadcrumbs\" data-id=\"03ac648\" data-element_type=\"widget\" data-widget_type=\"breadcrumbs.default\">\n\t\t\t\t<div class=\"elementor-widget-container\">\n\t\t\t\t\t<nav aria-label=\"breadcrumbs\" class=\"rank-math-breadcrumb\"><p><span class=\"last\">Le coll\u00e8ge<\/span><\/p><\/nav>\t\t\t\t<\/div>\n\t\t\t\t<\/div>\n\t\t\t\t\t<\/div>\n\t\t\t\t<\/div>\n\t\t\t\t\t<\/div>\n\t\t\t\t<\/div>\n\t\t\t\t<\/div>\n\t\t","protected":false},"excerpt":{"rendered":"<p>Liens et sites \u00e9ducatifs utiles Acc\u00e9dez \u00e0 une s\u00e9lection de sites \u00e9ducatifs recommand\u00e9s par le Coll\u00e8ge Jean\u2011Tabi \u00e0 Yaound\u00e9 : ressources p\u00e9dagogiques, outils d\u2019apprentissage, et plus encore. Le coll\u00e8ge<\/p>\n","protected":false},"author":1,"featured_media":0,"parent":0,"menu_order":0,"comment_status":"closed","ping_status":"open","template":"","meta":{"rank_math_robots":"","footnotes":""},"class_list":["post-221","page","type-page","status-publish","hentry"],"_links":{"self":[{"href":"https:\/\/www.collegejeantabi.org\/fr_fr\/wp-json\/wp\/v2\/pages\/221","targetHints":{"allow":["GET"]}}],"collection":[{"href":"https:\/\/www.collegejeantabi.org\/fr_fr\/wp-json\/wp\/v2\/pages"}],"about":[{"href":"https:\/\/www.collegejeantabi.org\/fr_fr\/wp-json\/wp\/v2\/types\/page"}],"author":[{"embeddable":true,"href":"https:\/\/www.collegejeantabi.org\/fr_fr\/wp-json\/wp\/v2\/users\/1"}],"replies":[{"embeddable":true,"href":"https:\/\/www.collegejeantabi.org\/fr_fr\/wp-json\/wp\/v2\/comments?post=221"}],"version-history":[{"count":7,"href":"https:\/\/www.collegejeantabi.org\/fr_fr\/wp-json\/wp\/v2\/pages\/221\/revisions"}],"predecessor-version":[{"id":644,"href":"https:\/\/www.collegejeantabi.org\/fr_fr\/wp-json\/wp\/v2\/pages\/221\/revisions\/644"}],"wp:attachment":[{"href":"https:\/\/www.collegejeantabi.org\/fr_fr\/wp-json\/wp\/v2\/media?parent=221"}],"curies":[{"name":"wp","href":"https:\/\/api.w.org\/{rel}","templated":true}]}}