{"id":213,"date":"2025-08-21T07:47:52","date_gmt":"2025-08-21T07:47:52","guid":{"rendered":"https:\/\/www.dev1.mevogroup.com\/?page_id=213"},"modified":"2025-08-21T13:35:19","modified_gmt":"2025-08-21T13:35:19","slug":"actualites","status":"publish","type":"page","link":"https:\/\/www.collegejeantabi.org\/fr_fr\/actualites\/","title":{"rendered":"Actualit\u00e9s"},"content":{"rendered":"\t\t<div data-elementor-type=\"wp-page\" data-elementor-id=\"213\" class=\"elementor elementor-213\" data-elementor-post-type=\"page\">\n\t\t\t\t<div class=\"elementor-element elementor-element-787f0be e-flex e-con-boxed e-con e-parent\" data-id=\"787f0be\" data-element_type=\"container\" data-settings=\"{&quot;background_background&quot;:&quot;classic&quot;}\">\n\t\t\t\t\t<div class=\"e-con-inner\">\n\t\t<div class=\"elementor-element elementor-element-e278fbb e-flex e-con-boxed e-con e-child\" data-id=\"e278fbb\" data-element_type=\"container\">\n\t\t\t\t\t<div class=\"e-con-inner\">\n\t\t\t\t<div class=\"elementor-element elementor-element-3079729 elementor-invisible elementor-widget elementor-widget-heading\" data-id=\"3079729\" data-element_type=\"widget\" data-settings=\"{&quot;_animation&quot;:&quot;fadeInUp&quot;}\" data-widget_type=\"heading.default\">\n\t\t\t\t<div class=\"elementor-widget-container\">\n\t\t\t\t\t<h1 class=\"elementor-heading-title elementor-size-default\">Actualit\u00e9s du Coll\u00e8ge Jean TABI<\/h1>\t\t\t\t<\/div>\n\t\t\t\t<\/div>\n\t\t\t\t<div class=\"elementor-element elementor-element-6da338a elementor-invisible elementor-widget elementor-widget-heading\" data-id=\"6da338a\" data-element_type=\"widget\" data-settings=\"{&quot;_animation&quot;:&quot;fadeInUp&quot;,&quot;_animation_delay&quot;:200}\" data-widget_type=\"heading.default\">\n\t\t\t\t<div class=\"elementor-widget-container\">\n\t\t\t\t\t<p class=\"elementor-heading-title elementor-size-default\">Retrouvez les derni\u00e8res actualit\u00e9s du Coll\u00e8ge Jean TABI \u00e0 Yaound\u00e9 : r\u00e9sultats de concours, formations et activit\u00e9s p\u00e9dagogiques.<\/p>\t\t\t\t<\/div>\n\t\t\t\t<\/div>\n\t\t\t\t<div class=\"elementor-element elementor-element-cd67a01 elementor-align-center elementor-widget elementor-widget-breadcrumbs\" data-id=\"cd67a01\" data-element_type=\"widget\" data-widget_type=\"breadcrumbs.default\">\n\t\t\t\t<div class=\"elementor-widget-container\">\n\t\t\t\t\t<nav aria-label=\"breadcrumbs\" class=\"rank-math-breadcrumb\"><p><span class=\"last\">Le coll\u00e8ge<\/span><\/p><\/nav>\t\t\t\t<\/div>\n\t\t\t\t<\/div>\n\t\t\t\t\t<\/div>\n\t\t\t\t<\/div>\n\t\t\t\t\t<\/div>\n\t\t\t\t<\/div>\n\t\t<div class=\"elementor-element elementor-element-3e027fb e-flex e-con-boxed e-con e-parent\" data-id=\"3e027fb\" data-element_type=\"container\">\n\t\t\t\t\t<div class=\"e-con-inner\">\n\t\t\t\t<div class=\"elementor-element elementor-element-85ce59b elementor-invisible elementor-widget elementor-widget-heading\" data-id=\"85ce59b\" data-element_type=\"widget\" data-settings=\"{&quot;_animation&quot;:&quot;fadeInUp&quot;}\" data-widget_type=\"heading.default\">\n\t\t\t\t<div class=\"elementor-widget-container\">\n\t\t\t\t\t<h1 class=\"elementor-heading-title elementor-size-default\">Restez inform\u00e9s avec nos derni\u00e8res nouvelles !<\/h1>\t\t\t\t<\/div>\n\t\t\t\t<\/div>\n\t\t\t\t<div class=\"elementor-element elementor-element-db3c75f elementor-widget elementor-widget-text-editor\" data-id=\"db3c75f\" data-element_type=\"widget\" data-widget_type=\"text-editor.default\">\n\t\t\t\t<div class=\"elementor-widget-container\">\n\t\t\t\t\t\t\t\t\t<p>D\u00e9couvrez toutes les actualit\u00e9s du <a href=\"https:\/\/www.collegejeantabi.org\/le-college\/\">Coll\u00e8ge Jean TABI<\/a> : de la scolarit\u00e9 aux \u00e9v\u00e9nements de l\u2019ann\u00e9e, en passant par les informations sur <a href=\"https:\/\/www.collegejeantabi.org\/qui-peut-sinscrire\/\">qui peut s\u2019inscrire ?<\/a>, les <a href=\"https:\/\/www.collegejeantabi.org\/les-manuels-scolaires-2025-2026\/\">manuels scolaires<\/a>\u00a0et les <a href=\"https:\/\/www.collegejeantabi.org\/les-fournitures-scolaires-2025-2026\/\">fournitures scolaires<\/a>. Nous partageons \u00e9galement des <a href=\"https:\/\/www.collegejeantabi.org\/liens-sites-educatifs-utiles\/\">liens vers des sites \u00e9ducatifs utiles<\/a> pour accompagner au mieux nos \u00e9l\u00e8ves et leurs familles. Parcourez nos articles pour ne rien manquer de la vie du coll\u00e8ge et des informations essentielles.<\/p>\t\t\t\t\t\t\t\t<\/div>\n\t\t\t\t<\/div>\n\t\t\t\t<div class=\"elementor-element elementor-element-6ea2d0a elementor-grid-3 elementor-grid-tablet-2 elementor-grid-mobile-1 elementor-posts--thumbnail-top elementor-card-shadow-yes elementor-posts__hover-gradient elementor-widget elementor-widget-posts\" data-id=\"6ea2d0a\" data-element_type=\"widget\" data-settings=\"{&quot;cards_columns&quot;:&quot;3&quot;,&quot;cards_columns_tablet&quot;:&quot;2&quot;,&quot;cards_columns_mobile&quot;:&quot;1&quot;,&quot;cards_row_gap&quot;:{&quot;unit&quot;:&quot;px&quot;,&quot;size&quot;:35,&quot;sizes&quot;:[]},&quot;cards_row_gap_tablet&quot;:{&quot;unit&quot;:&quot;px&quot;,&quot;size&quot;:&quot;&quot;,&quot;sizes&quot;:[]},&quot;cards_row_gap_mobile&quot;:{&quot;unit&quot;:&quot;px&quot;,&quot;size&quot;:&quot;&quot;,&quot;sizes&quot;:[]}}\" data-widget_type=\"posts.cards\">\n\t\t\t\t<div class=\"elementor-widget-container\">\n\t\t\t\t\t\t\t<div class=\"elementor-posts-container elementor-posts elementor-posts--skin-cards elementor-grid\" role=\"list\">\n\t\t\t\t<article class=\"elementor-post elementor-grid-item post-1007 post type-post status-publish format-standard has-post-thumbnail hentry category-actaulites category-evenements\" role=\"listitem\">\n\t\t\t<div class=\"elementor-post__card\">\n\t\t\t\t<a class=\"elementor-post__thumbnail__link\" href=\"https:\/\/www.collegejeantabi.org\/fr_fr\/jubile-dor-du-college-jean-tabi-50-ans-dexcellence-et-de-partage\/\" tabindex=\"-1\" ><div class=\"elementor-post__thumbnail\"><img decoding=\"async\" width=\"300\" height=\"144\" src=\"https:\/\/www.collegejeantabi.org\/wp-content\/uploads\/2025\/08\/normal_44dd674-300x144.jpg\" class=\"attachment-medium size-medium wp-image-659\" alt=\"Coll\u00e8ge Jean Tabi : 50 ans d\u2019excellence et de partage\" srcset=\"https:\/\/www.collegejeantabi.org\/wp-content\/uploads\/2025\/08\/normal_44dd674-300x144.jpg 300w, https:\/\/www.collegejeantabi.org\/wp-content\/uploads\/2025\/08\/normal_44dd674-768x368.jpg 768w, https:\/\/www.collegejeantabi.org\/wp-content\/uploads\/2025\/08\/normal_44dd674-18x9.jpg 18w, https:\/\/www.collegejeantabi.org\/wp-content\/uploads\/2025\/08\/normal_44dd674.jpg 960w\" sizes=\"(max-width: 300px) 100vw, 300px\" \/><\/div><\/a>\n\t\t\t\t<div class=\"elementor-post__badge\">Actaulit\u00e9s<\/div>\n\t\t\t\t<div class=\"elementor-post__text\">\n\t\t\t\t<p class=\"elementor-post__title\">\n\t\t\t<a href=\"https:\/\/www.collegejeantabi.org\/fr_fr\/jubile-dor-du-college-jean-tabi-50-ans-dexcellence-et-de-partage\/\" >\n\t\t\t\tJubil\u00e9 d\u2019Or du Coll\u00e8ge Jean Tabi : 50 ans d\u2019excellence et de partage\t\t\t<\/a>\n\t\t<\/p>\n\t\t\t\t<div class=\"elementor-post__excerpt\">\n\t\t\t<p>Le 15 novembre 2025, le Coll\u00e8ge Jean Tabi a c\u00e9l\u00e9br\u00e9 avec fiert\u00e9 son 50e anniversaire lors d\u2019un jubil\u00e9 m\u00e9morable organis\u00e9<\/p>\n\t\t<\/div>\n\t\t\n\t\t<a class=\"elementor-post__read-more\" href=\"https:\/\/www.collegejeantabi.org\/fr_fr\/jubile-dor-du-college-jean-tabi-50-ans-dexcellence-et-de-partage\/\" aria-label=\"Read more about Jubil\u00e9 d\u2019Or du Coll\u00e8ge Jean Tabi : 50 ans d\u2019excellence et de partage\" tabindex=\"-1\" >\n\t\t\tLire la suite \u00bb\t\t<\/a>\n\n\t\t\t\t<\/div>\n\t\t\t\t<div class=\"elementor-post__meta-data\">\n\t\t\t\t\t<span class=\"elementor-post-date\">\n\t\t\tnovembre 4, 2025\t\t<\/span>\n\t\t\t\t<span class=\"elementor-post-avatar\">\n\t\t\tAucun commentaire\t\t<\/span>\n\t\t\t\t<\/div>\n\t\t\t\t\t<\/div>\n\t\t<\/article>\n\t\t\t\t<article class=\"elementor-post elementor-grid-item post-405 post type-post status-publish format-standard has-post-thumbnail hentry category-actaulites\" role=\"listitem\">\n\t\t\t<div class=\"elementor-post__card\">\n\t\t\t\t<a class=\"elementor-post__thumbnail__link\" href=\"https:\/\/www.collegejeantabi.org\/fr_fr\/avis-de-concours-dentree-en-6eme\/\" tabindex=\"-1\" ><div class=\"elementor-post__thumbnail\"><img fetchpriority=\"high\" decoding=\"async\" width=\"300\" height=\"181\" src=\"https:\/\/www.collegejeantabi.org\/wp-content\/uploads\/2025\/08\/18fc6e455ad0b8468851e91685cc5306-580x350-2-300x181.jpg\" class=\"attachment-medium size-medium wp-image-406\" alt=\"Avis de concours d\u2019entr\u00e9e Jean TABI\" srcset=\"https:\/\/www.collegejeantabi.org\/wp-content\/uploads\/2025\/08\/18fc6e455ad0b8468851e91685cc5306-580x350-2-300x181.jpg 300w, https:\/\/www.collegejeantabi.org\/wp-content\/uploads\/2025\/08\/18fc6e455ad0b8468851e91685cc5306-580x350-2-18x12.jpg 18w, https:\/\/www.collegejeantabi.org\/wp-content\/uploads\/2025\/08\/18fc6e455ad0b8468851e91685cc5306-580x350-2.jpg 580w\" sizes=\"(max-width: 300px) 100vw, 300px\" \/><\/div><\/a>\n\t\t\t\t<div class=\"elementor-post__badge\">Actaulit\u00e9s<\/div>\n\t\t\t\t<div class=\"elementor-post__text\">\n\t\t\t\t<p class=\"elementor-post__title\">\n\t\t\t<a href=\"https:\/\/www.collegejeantabi.org\/fr_fr\/avis-de-concours-dentree-en-6eme\/\" >\n\t\t\t\tAvis de concours d\u2019entr\u00e9e en 6\u00e9me\t\t\t<\/a>\n\t\t<\/p>\n\t\t\t\t<div class=\"elementor-post__excerpt\">\n\t\t\t<p>Pour le compte de l\u2019ann\u00e9e scolaire 2024 \u2013 2025, le Coll\u00e8ge Jean Tabi organise&nbsp;un concours d\u2019entr\u00e9e en 6e le mardi<\/p>\n\t\t<\/div>\n\t\t\n\t\t<a class=\"elementor-post__read-more\" href=\"https:\/\/www.collegejeantabi.org\/fr_fr\/avis-de-concours-dentree-en-6eme\/\" aria-label=\"Read more about Avis de concours d\u2019entr\u00e9e en 6\u00e9me\" tabindex=\"-1\" >\n\t\t\tLire la suite \u00bb\t\t<\/a>\n\n\t\t\t\t<\/div>\n\t\t\t\t<div class=\"elementor-post__meta-data\">\n\t\t\t\t\t<span class=\"elementor-post-date\">\n\t\t\tao\u00fbt 21, 2025\t\t<\/span>\n\t\t\t\t<span class=\"elementor-post-avatar\">\n\t\t\tAucun commentaire\t\t<\/span>\n\t\t\t\t<\/div>\n\t\t\t\t\t<\/div>\n\t\t<\/article>\n\t\t\t\t<article class=\"elementor-post elementor-grid-item post-400 post type-post status-publish format-standard has-post-thumbnail hentry category-actaulites\" role=\"listitem\">\n\t\t\t<div class=\"elementor-post__card\">\n\t\t\t\t<a class=\"elementor-post__thumbnail__link\" href=\"https:\/\/www.collegejeantabi.org\/fr_fr\/resultats-du-concours-dentree-en-6eme-du-14-mai-2025\/\" tabindex=\"-1\" ><div class=\"elementor-post__thumbnail\"><img decoding=\"async\" width=\"300\" height=\"168\" src=\"https:\/\/www.collegejeantabi.org\/wp-content\/uploads\/2025\/08\/images.jpg\" class=\"attachment-medium size-medium wp-image-401\" alt=\"RESULTATS DU CONCOURS D\u2019ENTREE\" srcset=\"https:\/\/www.collegejeantabi.org\/wp-content\/uploads\/2025\/08\/images.jpg 300w, https:\/\/www.collegejeantabi.org\/wp-content\/uploads\/2025\/08\/images-18x10.jpg 18w\" sizes=\"(max-width: 300px) 100vw, 300px\" \/><\/div><\/a>\n\t\t\t\t<div class=\"elementor-post__badge\">Actaulit\u00e9s<\/div>\n\t\t\t\t<div class=\"elementor-post__text\">\n\t\t\t\t<p class=\"elementor-post__title\">\n\t\t\t<a href=\"https:\/\/www.collegejeantabi.org\/fr_fr\/resultats-du-concours-dentree-en-6eme-du-14-mai-2025\/\" >\n\t\t\t\tRESULTATS DU CONCOURS D\u2019ENTREE EN 6EME DU 14 MAI 2025\t\t\t<\/a>\n\t\t<\/p>\n\t\t\t\t<div class=\"elementor-post__excerpt\">\n\t\t\t<p>N\u00b0 PIN NOM ET PRENOMS NIVEAU 1 CCJT1393 ABDELHAKIM ZRA YAOUBA 6EME 2 CCJT1394 ABOU\u2019OU EBENE PAULE IMANIE KETSIA&nbsp; 6EME<\/p>\n\t\t<\/div>\n\t\t\n\t\t<a class=\"elementor-post__read-more\" href=\"https:\/\/www.collegejeantabi.org\/fr_fr\/resultats-du-concours-dentree-en-6eme-du-14-mai-2025\/\" aria-label=\"Read more about RESULTATS DU CONCOURS D\u2019ENTREE EN 6EME DU 14 MAI 2025\" tabindex=\"-1\" >\n\t\t\tLire la suite \u00bb\t\t<\/a>\n\n\t\t\t\t<\/div>\n\t\t\t\t<div class=\"elementor-post__meta-data\">\n\t\t\t\t\t<span class=\"elementor-post-date\">\n\t\t\tao\u00fbt 21, 2025\t\t<\/span>\n\t\t\t\t<span class=\"elementor-post-avatar\">\n\t\t\tAucun commentaire\t\t<\/span>\n\t\t\t\t<\/div>\n\t\t\t\t\t<\/div>\n\t\t<\/article>\n\t\t\t\t<article class=\"elementor-post elementor-grid-item post-397 post type-post status-publish format-standard has-post-thumbnail hentry category-actaulites\" role=\"listitem\">\n\t\t\t<div class=\"elementor-post__card\">\n\t\t\t\t<a class=\"elementor-post__thumbnail__link\" href=\"https:\/\/www.collegejeantabi.org\/fr_fr\/resultats-du-concours-dentree-en-5eme-4eme-3eme-2nde-a4-2nde-c-du-21-juillet-2025\/\" tabindex=\"-1\" ><div class=\"elementor-post__thumbnail\"><img loading=\"lazy\" decoding=\"async\" width=\"300\" height=\"169\" src=\"https:\/\/www.collegejeantabi.org\/wp-content\/uploads\/2025\/08\/resultats-de-concours-1024x576-1-300x169.png\" class=\"attachment-medium size-medium wp-image-398\" alt=\"RESULTATS DU CONCOURS D\u2019ENTREE EN 5EME, 4EME, 3EME, 2NDE A4, 2NDE C DU 21 JUILLET 2025\" srcset=\"https:\/\/www.collegejeantabi.org\/wp-content\/uploads\/2025\/08\/resultats-de-concours-1024x576-1-300x169.png 300w, https:\/\/www.collegejeantabi.org\/wp-content\/uploads\/2025\/08\/resultats-de-concours-1024x576-1-768x432.png 768w, https:\/\/www.collegejeantabi.org\/wp-content\/uploads\/2025\/08\/resultats-de-concours-1024x576-1-18x10.png 18w, https:\/\/www.collegejeantabi.org\/wp-content\/uploads\/2025\/08\/resultats-de-concours-1024x576-1.png 1024w\" sizes=\"(max-width: 300px) 100vw, 300px\" \/><\/div><\/a>\n\t\t\t\t<div class=\"elementor-post__badge\">Actaulit\u00e9s<\/div>\n\t\t\t\t<div class=\"elementor-post__text\">\n\t\t\t\t<p class=\"elementor-post__title\">\n\t\t\t<a href=\"https:\/\/www.collegejeantabi.org\/fr_fr\/resultats-du-concours-dentree-en-5eme-4eme-3eme-2nde-a4-2nde-c-du-21-juillet-2025\/\" >\n\t\t\t\tRESULTATS DU CONCOURS D\u2019ENTREE EN 5EME, 4EME, 3EME, 2NDE A4, 2NDE C DU 21 JUILLET 2025\t\t\t<\/a>\n\t\t<\/p>\n\t\t\t\t<div class=\"elementor-post__excerpt\">\n\t\t\t<p>N\u00b0 PIN NOM ET PRENOMS NIVEAU 5EME 1 CCJT1764 AKAMBA NYIMO DORINE LAURIA 5EME 2 CCJT1765 AMANA IBOUSSI ALVINE 5EME<\/p>\n\t\t<\/div>\n\t\t\n\t\t<a class=\"elementor-post__read-more\" href=\"https:\/\/www.collegejeantabi.org\/fr_fr\/resultats-du-concours-dentree-en-5eme-4eme-3eme-2nde-a4-2nde-c-du-21-juillet-2025\/\" aria-label=\"Read more about RESULTATS DU CONCOURS D\u2019ENTREE EN 5EME, 4EME, 3EME, 2NDE A4, 2NDE C DU 21 JUILLET 2025\" tabindex=\"-1\" >\n\t\t\tLire la suite \u00bb\t\t<\/a>\n\n\t\t\t\t<\/div>\n\t\t\t\t<div class=\"elementor-post__meta-data\">\n\t\t\t\t\t<span class=\"elementor-post-date\">\n\t\t\tao\u00fbt 21, 2025\t\t<\/span>\n\t\t\t\t<span class=\"elementor-post-avatar\">\n\t\t\tAucun commentaire\t\t<\/span>\n\t\t\t\t<\/div>\n\t\t\t\t\t<\/div>\n\t\t<\/article>\n\t\t\t\t<article class=\"elementor-post elementor-grid-item post-394 post type-post status-publish format-standard has-post-thumbnail hentry category-actaulites\" role=\"listitem\">\n\t\t\t<div class=\"elementor-post__card\">\n\t\t\t\t<a class=\"elementor-post__thumbnail__link\" href=\"https:\/\/www.collegejeantabi.org\/fr_fr\/college-jean-tabi-college-denseignement-secondaire\/\" tabindex=\"-1\" ><div class=\"elementor-post__thumbnail\"><img loading=\"lazy\" decoding=\"async\" width=\"300\" height=\"169\" src=\"https:\/\/www.collegejeantabi.org\/wp-content\/uploads\/2025\/08\/3900b6795a6caa10516100de06db7960-300x169.jpg\" class=\"attachment-medium size-medium wp-image-395\" alt=\"Coll\u00e8ge Jean-Tabi : Coll\u00e8ge d\u2019enseignement secondaire\" srcset=\"https:\/\/www.collegejeantabi.org\/wp-content\/uploads\/2025\/08\/3900b6795a6caa10516100de06db7960-300x169.jpg 300w, https:\/\/www.collegejeantabi.org\/wp-content\/uploads\/2025\/08\/3900b6795a6caa10516100de06db7960-18x10.jpg 18w, https:\/\/www.collegejeantabi.org\/wp-content\/uploads\/2025\/08\/3900b6795a6caa10516100de06db7960.jpg 622w\" sizes=\"(max-width: 300px) 100vw, 300px\" \/><\/div><\/a>\n\t\t\t\t<div class=\"elementor-post__badge\">Actaulit\u00e9s<\/div>\n\t\t\t\t<div class=\"elementor-post__text\">\n\t\t\t\t<p class=\"elementor-post__title\">\n\t\t\t<a href=\"https:\/\/www.collegejeantabi.org\/fr_fr\/college-jean-tabi-college-denseignement-secondaire\/\" >\n\t\t\t\tColl\u00e8ge Jean-Tabi : Coll\u00e8ge d\u2019enseignement secondaire\t\t\t<\/a>\n\t\t<\/p>\n\t\t\t\t<div class=\"elementor-post__excerpt\">\n\t\t\t<p>Le coll\u00e8ge Jean-Tabi (CJT) est un \u00e9tablissement scolaire priv\u00e9 catholique d\u2019enseignement secondaire g\u00e9n\u00e9ral situ\u00e9 dans la ville de Yaound\u00e9, capitale<\/p>\n\t\t<\/div>\n\t\t\n\t\t<a class=\"elementor-post__read-more\" href=\"https:\/\/www.collegejeantabi.org\/fr_fr\/college-jean-tabi-college-denseignement-secondaire\/\" aria-label=\"Read more about Coll\u00e8ge Jean-Tabi : Coll\u00e8ge d\u2019enseignement secondaire\" tabindex=\"-1\" >\n\t\t\tLire la suite \u00bb\t\t<\/a>\n\n\t\t\t\t<\/div>\n\t\t\t\t<div class=\"elementor-post__meta-data\">\n\t\t\t\t\t<span class=\"elementor-post-date\">\n\t\t\tao\u00fbt 21, 2025\t\t<\/span>\n\t\t\t\t<span class=\"elementor-post-avatar\">\n\t\t\tAucun commentaire\t\t<\/span>\n\t\t\t\t<\/div>\n\t\t\t\t\t<\/div>\n\t\t<\/article>\n\t\t\t\t<\/div>\n\t\t\n\t\t\t\t\t\t<\/div>\n\t\t\t\t<\/div>\n\t\t\t\t\t<\/div>\n\t\t\t\t<\/div>\n\t\t\t\t<\/div>\n\t\t","protected":false},"excerpt":{"rendered":"<p>Actualit\u00e9s du Coll\u00e8ge Jean TABI Retrouvez les derni\u00e8res actualit\u00e9s du Coll\u00e8ge Jean TABI \u00e0 Yaound\u00e9 : r\u00e9sultats de concours, formations et activit\u00e9s p\u00e9dagogiques. Le coll\u00e8ge Restez inform\u00e9s avec nos derni\u00e8res nouvelles ! D\u00e9couvrez toutes les actualit\u00e9s du Coll\u00e8ge Jean TABI : de la scolarit\u00e9 aux \u00e9v\u00e9nements de l\u2019ann\u00e9e, en passant par les informations sur qui [&hellip;]<\/p>\n","protected":false},"author":1,"featured_media":0,"parent":0,"menu_order":0,"comment_status":"closed","ping_status":"open","template":"","meta":{"rank_math_robots":"","footnotes":""},"class_list":["post-213","page","type-page","status-publish","hentry"],"_links":{"self":[{"href":"https:\/\/www.collegejeantabi.org\/fr_fr\/wp-json\/wp\/v2\/pages\/213","targetHints":{"allow":["GET"]}}],"collection":[{"href":"https:\/\/www.collegejeantabi.org\/fr_fr\/wp-json\/wp\/v2\/pages"}],"about":[{"href":"https:\/\/www.collegejeantabi.org\/fr_fr\/wp-json\/wp\/v2\/types\/page"}],"author":[{"embeddable":true,"href":"https:\/\/www.collegejeantabi.org\/fr_fr\/wp-json\/wp\/v2\/users\/1"}],"replies":[{"embeddable":true,"href":"https:\/\/www.collegejeantabi.org\/fr_fr\/wp-json\/wp\/v2\/comments?post=213"}],"version-history":[{"count":25,"href":"https:\/\/www.collegejeantabi.org\/fr_fr\/wp-json\/wp\/v2\/pages\/213\/revisions"}],"predecessor-version":[{"id":446,"href":"https:\/\/www.collegejeantabi.org\/fr_fr\/wp-json\/wp\/v2\/pages\/213\/revisions\/446"}],"wp:attachment":[{"href":"https:\/\/www.collegejeantabi.org\/fr_fr\/wp-json\/wp\/v2\/media?parent=213"}],"curies":[{"name":"wp","href":"https:\/\/api.w.org\/{rel}","templated":true}]}}